{"id":8,"date":"2024-01-17T05:06:39","date_gmt":"2024-01-17T04:06:39","guid":{"rendered":"https:\/\/grupoarinko.pe\/?page_id=8"},"modified":"2024-01-20T04:39:42","modified_gmt":"2024-01-20T03:39:42","slug":"elementor-8","status":"publish","type":"page","link":"https:\/\/grupoarinko.pe\/","title":{"rendered":"Elementor #8"},"content":{"rendered":"\t\t<div data-elementor-type=\"wp-post\" data-elementor-id=\"8\" class=\"elementor elementor-8\" data-elementor-post-type=\"page\">\n\t\t\t\t\t\t\t<div class=\"elementor-element elementor-element-07a8ee0 e-con-full e-flex e-con e-parent\" data-id=\"07a8ee0\" data-element_type=\"container\" data-settings=\"{&quot;content_width&quot;:&quot;full&quot;}\" data-core-v316-plus=\"true\">\n\t\t<div class=\"elementor-element elementor-element-0df7a66 e-con-full e-flex e-con e-child\" data-id=\"0df7a66\" data-element_type=\"container\" data-settings=\"{&quot;content_width&quot;:&quot;full&quot;,&quot;background_background&quot;:&quot;classic&quot;}\">\n\t\t\t\t<div class=\"elementor-element elementor-element-5354dab elementor-widget elementor-widget-heading\" data-id=\"5354dab\" data-element_type=\"widget\" data-settings=\"{&quot;_animation_mobile&quot;:&quot;fadeInLeft&quot;}\" data-widget_type=\"heading.default\">\n\t\t\t\t<div class=\"elementor-widget-container\">\n\t\t\t<style>\/*! elementor - v3.18.0 - 20-12-2023 *\/\n.elementor-heading-title{padding:0;margin:0;line-height:1}.elementor-widget-heading .elementor-heading-title[class*=elementor-size-]>a{color:inherit;font-size:inherit;line-height:inherit}.elementor-widget-heading .elementor-heading-title.elementor-size-small{font-size:15px}.elementor-widget-heading .elementor-heading-title.elementor-size-medium{font-size:19px}.elementor-widget-heading .elementor-heading-title.elementor-size-large{font-size:29px}.elementor-widget-heading .elementor-heading-title.elementor-size-xl{font-size:39px}.elementor-widget-heading .elementor-heading-title.elementor-size-xxl{font-size:59px}<\/style><p class=\"elementor-heading-title elementor-size-default\">Dise\u00f1amos <br>\ny\nconstruiimos <br>\ntu hogar<\/p>\t\t<\/div>\n\t\t\t\t<\/div>\n\t\t\t\t<\/div>\n\t\t<div class=\"elementor-element elementor-element-ba811c7 e-con-full e-flex e-con e-child\" data-id=\"ba811c7\" data-element_type=\"container\" data-settings=\"{&quot;content_width&quot;:&quot;full&quot;,&quot;background_background&quot;:&quot;classic&quot;}\">\n\t\t<div class=\"elementor-element elementor-element-2c943b1 elementor-hidden-mobile e-flex e-con-boxed e-con e-child\" data-id=\"2c943b1\" data-element_type=\"container\" data-settings=\"{&quot;background_background&quot;:&quot;video&quot;,&quot;background_video_link&quot;:&quot;https:\\\/\\\/grupoarinko.pe\\\/wp-content\\\/uploads\\\/2024\\\/01\\\/BB_878dcc96-95be-475f-881a-4102af764441_FPpreview.mp4&quot;,&quot;background_play_on_mobile&quot;:&quot;yes&quot;,&quot;content_width&quot;:&quot;boxed&quot;}\">\n\t\t\t\t\t<div class=\"e-con-inner\">\n\t\t<div class=\"elementor-background-video-container\">\n\t\t\t\t\t\t\t<video class=\"elementor-background-video-hosted elementor-html5-video\" autoplay muted playsinline loop><\/video>\n\t\t\t\t\t<\/div>\t\t\t<\/div>\n\t\t\t\t<\/div>\n\t\t\t\t<\/div>\n\t\t\t\t<\/div>\n\t\t<div class=\"elementor-element elementor-element-90e40cc e-con-full elementor-hidden-tablet elementor-hidden-mobile e-flex e-con e-parent\" data-id=\"90e40cc\" data-element_type=\"container\" data-settings=\"{&quot;content_width&quot;:&quot;full&quot;}\" data-core-v316-plus=\"true\">\n\t\t<div class=\"elementor-element elementor-element-92f64e8 e-con-full e-flex e-con e-child\" data-id=\"92f64e8\" data-element_type=\"container\" data-settings=\"{&quot;content_width&quot;:&quot;full&quot;,&quot;background_background&quot;:&quot;classic&quot;}\">\n\t\t\t\t<\/div>\n\t\t<div class=\"elementor-element elementor-element-8f8e054 e-con-full e-flex e-con e-child\" data-id=\"8f8e054\" data-element_type=\"container\" data-settings=\"{&quot;content_width&quot;:&quot;full&quot;,&quot;background_background&quot;:&quot;classic&quot;}\">\n\t\t\t\t<div class=\"elementor-element elementor-element-e419fb2 elementor-widget elementor-widget-heading\" data-id=\"e419fb2\" data-element_type=\"widget\" data-widget_type=\"heading.default\">\n\t\t\t\t<div class=\"elementor-widget-container\">\n\t\t\t<h2 class=\"elementor-heading-title elementor-size-default\">servicios<\/h2>\t\t<\/div>\n\t\t\t\t<\/div>\n\t\t\t\t<div class=\"elementor-element elementor-element-d6b8cc3 elementor-widget__width-initial elementor-widget elementor-widget-text-editor\" data-id=\"d6b8cc3\" data-element_type=\"widget\" data-widget_type=\"text-editor.default\">\n\t\t\t\t<div class=\"elementor-widget-container\">\n\t\t\t<style>\/*! elementor - v3.18.0 - 20-12-2023 *\/\n.elementor-widget-text-editor.elementor-drop-cap-view-stacked .elementor-drop-cap{background-color:#69727d;color:#fff}.elementor-widget-text-editor.elementor-drop-cap-view-framed .elementor-drop-cap{color:#69727d;border:3px solid;background-color:transparent}.elementor-widget-text-editor:not(.elementor-drop-cap-view-default) .elementor-drop-cap{margin-top:8px}.elementor-widget-text-editor:not(.elementor-drop-cap-view-default) .elementor-drop-cap-letter{width:1em;height:1em}.elementor-widget-text-editor .elementor-drop-cap{float:left;text-align:center;line-height:1;font-size:50px}.elementor-widget-text-editor .elementor-drop-cap-letter{display:inline-block}<\/style>\t\t\t\t<p>\ud83d\udea7Elaboraci\u00f3n de planos arquitect\u00f3nicos, estructurales , instalaciones el\u00e9ctricas y sanitarias.<br \/>\ud83d\udea7Dise\u00f1o de anteproyectos<\/p>\t\t\t\t\t\t<\/div>\n\t\t\t\t<\/div>\n\t\t\t\t<\/div>\n\t\t\t\t<\/div>\n\t\t<div class=\"elementor-element elementor-element-36dfc09 e-con-full e-flex e-con e-parent\" data-id=\"36dfc09\" data-element_type=\"container\" data-settings=\"{&quot;content_width&quot;:&quot;full&quot;}\" data-core-v316-plus=\"true\">\n\t\t<div class=\"elementor-element elementor-element-3a3a193 e-con-full e-flex e-con e-child\" data-id=\"3a3a193\" data-element_type=\"container\" data-settings=\"{&quot;content_width&quot;:&quot;full&quot;,&quot;background_background&quot;:&quot;classic&quot;}\">\n\t\t\t\t<div class=\"elementor-element elementor-element-b10d3fc elementor-widget elementor-widget-heading\" data-id=\"b10d3fc\" data-element_type=\"widget\" data-widget_type=\"heading.default\">\n\t\t\t\t<div class=\"elementor-widget-container\">\n\t\t\t<h2 class=\"elementor-heading-title elementor-size-default\">Una empresa 100% enfocada<br> en la construcci\u00f3n.<\/h2>\t\t<\/div>\n\t\t\t\t<\/div>\n\t\t\t\t<\/div>\n\t\t<div class=\"elementor-element elementor-element-c335899 e-con-full elementor-hidden-mobile e-flex e-con e-child\" data-id=\"c335899\" data-element_type=\"container\" data-settings=\"{&quot;content_width&quot;:&quot;full&quot;,&quot;background_background&quot;:&quot;classic&quot;}\">\n\t\t\t\t<div class=\"elementor-element elementor-element-9b67967 elementor-widget__width-initial elementor-widget elementor-widget-text-editor\" data-id=\"9b67967\" data-element_type=\"widget\" data-widget_type=\"text-editor.default\">\n\t\t\t\t<div class=\"elementor-widget-container\">\n\t\t\t\t\t\t\t<p>\ud83d\udea7Dise\u00f1o de interiores: Planos, im\u00e1genes, videos 3D, asesor\u00eda.<br \/>\ud83d\udea7Proyectos 3D interiores y exteriores<br \/>\ud83d\udea7Remodelaci\u00f3n, ampliaci\u00f3n y mantenimiento<br \/>\ud83d\udea7Construcci\u00f3n y ejecuci\u00f3n de obras<br \/>\ud83d\udea7Reforzamiento\/ Refaccionamiento y an\u00e1lisis estructural<br \/>\ud83d\udea7Presupuestos y metrados.<\/p>\t\t\t\t\t\t<\/div>\n\t\t\t\t<\/div>\n\t\t\t\t<\/div>\n\t\t\t\t<\/div>\n\t\t<div class=\"elementor-element elementor-element-aa563fc elementor-hidden-desktop elementor-hidden-tablet e-flex e-con-boxed e-con e-parent\" data-id=\"aa563fc\" data-element_type=\"container\" data-settings=\"{&quot;content_width&quot;:&quot;boxed&quot;}\" data-core-v316-plus=\"true\">\n\t\t\t\t\t<div class=\"e-con-inner\">\n\t\t\t\t<div class=\"elementor-element elementor-element-251479b elementor-widget elementor-widget-text-editor\" data-id=\"251479b\" data-element_type=\"widget\" data-widget_type=\"text-editor.default\">\n\t\t\t\t<div class=\"elementor-widget-container\">\n\t\t\t\t\t\t\t<p>\ud83d\udea7Elaboraci\u00f3n de planos arquitect\u00f3nicos, estructurales , instalaciones el\u00e9ctricas y sanitarias.<br \/>\ud83d\udea7Dise\u00f1o de anteproyectos<br \/>\ud83d\udea7Dise\u00f1o de interiores: Planos, im\u00e1genes, videos 3D, asesor\u00eda.<br \/>\ud83d\udea7Proyectos 3D interiores y exteriores<br \/>\ud83d\udea7Remodelaci\u00f3n, ampliaci\u00f3n y mantenimiento<br \/>\ud83d\udea7Construcci\u00f3n y ejecuci\u00f3n de obras<br \/>\ud83d\udea7Reforzamiento\/ Refaccionamiento y an\u00e1lisis estructural<br \/>\ud83d\udea7Presupuestos y metrados.<\/p>\t\t\t\t\t\t<\/div>\n\t\t\t\t<\/div>\n\t\t\t\t\t<\/div>\n\t\t\t\t<\/div>\n\t\t<div class=\"elementor-element elementor-element-13bce3b e-con-full e-flex e-con e-parent\" data-id=\"13bce3b\" data-element_type=\"container\" data-settings=\"{&quot;content_width&quot;:&quot;full&quot;}\" data-core-v316-plus=\"true\">\n\t\t\t\t<div class=\"elementor-element elementor-element-758f3b0 elementor-widget elementor-widget-image\" data-id=\"758f3b0\" data-element_type=\"widget\" data-widget_type=\"image.default\">\n\t\t\t\t<div class=\"elementor-widget-container\">\n\t\t\t<style>\/*! elementor - v3.18.0 - 20-12-2023 *\/\n.elementor-widget-image{text-align:center}.elementor-widget-image a{display:inline-block}.elementor-widget-image a img[src$=\".svg\"]{width:48px}.elementor-widget-image img{vertical-align:middle;display:inline-block}<\/style>\t\t\t\t\t\t\t\t\t\t\t\t<img fetchpriority=\"high\" decoding=\"async\" width=\"2560\" height=\"1707\" src=\"https:\/\/grupoarinko.pe\/wp-content\/uploads\/2024\/01\/manitas-sitio-construccion-proceso-perforacion-pared-perforador-scaled.jpg\" class=\"attachment-full size-full wp-image-28\" alt=\"\" srcset=\"https:\/\/grupoarinko.pe\/wp-content\/uploads\/2024\/01\/manitas-sitio-construccion-proceso-perforacion-pared-perforador-scaled.jpg 2560w, https:\/\/grupoarinko.pe\/wp-content\/uploads\/2024\/01\/manitas-sitio-construccion-proceso-perforacion-pared-perforador-300x200.jpg 300w, https:\/\/grupoarinko.pe\/wp-content\/uploads\/2024\/01\/manitas-sitio-construccion-proceso-perforacion-pared-perforador-1024x683.jpg 1024w, https:\/\/grupoarinko.pe\/wp-content\/uploads\/2024\/01\/manitas-sitio-construccion-proceso-perforacion-pared-perforador-768x512.jpg 768w, https:\/\/grupoarinko.pe\/wp-content\/uploads\/2024\/01\/manitas-sitio-construccion-proceso-perforacion-pared-perforador-1536x1024.jpg 1536w, https:\/\/grupoarinko.pe\/wp-content\/uploads\/2024\/01\/manitas-sitio-construccion-proceso-perforacion-pared-perforador-2048x1365.jpg 2048w\" sizes=\"(max-width: 2560px) 100vw, 2560px\" \/>\t\t\t\t\t\t\t\t\t\t\t\t\t\t\t<\/div>\n\t\t\t\t<\/div>\n\t\t\t\t<\/div>\n\t\t<div class=\"elementor-element elementor-element-f7067c9 e-con-full e-flex e-con e-parent\" data-id=\"f7067c9\" data-element_type=\"container\" data-settings=\"{&quot;content_width&quot;:&quot;full&quot;}\" data-core-v316-plus=\"true\">\n\t\t<div class=\"elementor-element elementor-element-c15a755 e-con-full e-flex e-con e-child\" data-id=\"c15a755\" data-element_type=\"container\" data-settings=\"{&quot;content_width&quot;:&quot;full&quot;,&quot;background_background&quot;:&quot;classic&quot;}\">\n\t\t\t\t<div class=\"elementor-element elementor-element-fa7083c elementor-widget elementor-widget-heading\" data-id=\"fa7083c\" data-element_type=\"widget\" data-widget_type=\"heading.default\">\n\t\t\t\t<div class=\"elementor-widget-container\">\n\t\t\t<h2 class=\"elementor-heading-title elementor-size-default\">Estructura personalizada<\/h2>\t\t<\/div>\n\t\t\t\t<\/div>\n\t\t\t\t<div class=\"elementor-element elementor-element-021b4c4 elementor-widget elementor-widget-text-editor\" data-id=\"021b4c4\" data-element_type=\"widget\" data-widget_type=\"text-editor.default\">\n\t\t\t\t<div class=\"elementor-widget-container\">\n\t\t\t\t\t\t\t<p>Lorem ipsum dolor sit amet, consectetur adipiscing elit. Ut elit tellus, luctus nec ullamcorper mattis, pulvinar dapibus leo.<\/p>\t\t\t\t\t\t<\/div>\n\t\t\t\t<\/div>\n\t\t\t\t<\/div>\n\t\t<div class=\"elementor-element elementor-element-32170f9 e-con-full e-flex e-con e-child\" data-id=\"32170f9\" data-element_type=\"container\" data-settings=\"{&quot;content_width&quot;:&quot;full&quot;,&quot;background_background&quot;:&quot;classic&quot;}\">\n\t\t\t\t<div class=\"elementor-element elementor-element-121f589 elementor-widget elementor-widget-heading\" data-id=\"121f589\" data-element_type=\"widget\" data-widget_type=\"heading.default\">\n\t\t\t\t<div class=\"elementor-widget-container\">\n\t\t\t<h2 class=\"elementor-heading-title elementor-size-default\">Estructura personalizada<\/h2>\t\t<\/div>\n\t\t\t\t<\/div>\n\t\t\t\t<div class=\"elementor-element elementor-element-bda3694 elementor-widget elementor-widget-text-editor\" data-id=\"bda3694\" data-element_type=\"widget\" data-widget_type=\"text-editor.default\">\n\t\t\t\t<div class=\"elementor-widget-container\">\n\t\t\t\t\t\t\t<p>Lorem ipsum dolor sit amet, consectetur adipiscing elit. Ut elit tellus, luctus nec ullamcorper mattis, pulvinar dapibus leo.<\/p>\t\t\t\t\t\t<\/div>\n\t\t\t\t<\/div>\n\t\t\t\t<\/div>\n\t\t\t\t<\/div>\n\t\t<div class=\"elementor-element elementor-element-9a70a5b e-con-full e-flex e-con e-parent\" data-id=\"9a70a5b\" data-element_type=\"container\" data-settings=\"{&quot;content_width&quot;:&quot;full&quot;}\" data-core-v316-plus=\"true\">\n\t\t\t\t<div class=\"elementor-element elementor-element-c1e2c24 elementor-widget elementor-widget-image\" data-id=\"c1e2c24\" data-element_type=\"widget\" data-widget_type=\"image.default\">\n\t\t\t\t<div class=\"elementor-widget-container\">\n\t\t\t\t\t\t\t\t\t\t\t\t\t\t\t<img decoding=\"async\" width=\"2560\" height=\"1706\" src=\"https:\/\/grupoarinko.pe\/wp-content\/uploads\/2024\/01\/joven-artesano-construyendo-casa-1-scaled.jpg\" class=\"attachment-full size-full wp-image-30\" alt=\"\" srcset=\"https:\/\/grupoarinko.pe\/wp-content\/uploads\/2024\/01\/joven-artesano-construyendo-casa-1-scaled.jpg 2560w, https:\/\/grupoarinko.pe\/wp-content\/uploads\/2024\/01\/joven-artesano-construyendo-casa-1-300x200.jpg 300w, https:\/\/grupoarinko.pe\/wp-content\/uploads\/2024\/01\/joven-artesano-construyendo-casa-1-1024x683.jpg 1024w, https:\/\/grupoarinko.pe\/wp-content\/uploads\/2024\/01\/joven-artesano-construyendo-casa-1-768x512.jpg 768w, https:\/\/grupoarinko.pe\/wp-content\/uploads\/2024\/01\/joven-artesano-construyendo-casa-1-1536x1024.jpg 1536w, https:\/\/grupoarinko.pe\/wp-content\/uploads\/2024\/01\/joven-artesano-construyendo-casa-1-2048x1365.jpg 2048w\" sizes=\"(max-width: 2560px) 100vw, 2560px\" \/>\t\t\t\t\t\t\t\t\t\t\t\t\t\t\t<\/div>\n\t\t\t\t<\/div>\n\t\t\t\t<div class=\"elementor-element elementor-element-65cb509 elementor-widget elementor-widget-image\" data-id=\"65cb509\" data-element_type=\"widget\" data-widget_type=\"image.default\">\n\t\t\t\t<div class=\"elementor-widget-container\">\n\t\t\t\t\t\t\t\t\t\t\t\t\t\t\t<img fetchpriority=\"high\" decoding=\"async\" width=\"2560\" height=\"1707\" src=\"https:\/\/grupoarinko.pe\/wp-content\/uploads\/2024\/01\/manitas-sitio-construccion-proceso-perforacion-pared-perforador-scaled.jpg\" class=\"attachment-full size-full wp-image-28\" alt=\"\" srcset=\"https:\/\/grupoarinko.pe\/wp-content\/uploads\/2024\/01\/manitas-sitio-construccion-proceso-perforacion-pared-perforador-scaled.jpg 2560w, https:\/\/grupoarinko.pe\/wp-content\/uploads\/2024\/01\/manitas-sitio-construccion-proceso-perforacion-pared-perforador-300x200.jpg 300w, https:\/\/grupoarinko.pe\/wp-content\/uploads\/2024\/01\/manitas-sitio-construccion-proceso-perforacion-pared-perforador-1024x683.jpg 1024w, https:\/\/grupoarinko.pe\/wp-content\/uploads\/2024\/01\/manitas-sitio-construccion-proceso-perforacion-pared-perforador-768x512.jpg 768w, https:\/\/grupoarinko.pe\/wp-content\/uploads\/2024\/01\/manitas-sitio-construccion-proceso-perforacion-pared-perforador-1536x1024.jpg 1536w, https:\/\/grupoarinko.pe\/wp-content\/uploads\/2024\/01\/manitas-sitio-construccion-proceso-perforacion-pared-perforador-2048x1365.jpg 2048w\" sizes=\"(max-width: 2560px) 100vw, 2560px\" \/>\t\t\t\t\t\t\t\t\t\t\t\t\t\t\t<\/div>\n\t\t\t\t<\/div>\n\t\t\t\t<\/div>\n\t\t<div class=\"elementor-element elementor-element-c2f8390 e-flex e-con-boxed e-con e-parent\" data-id=\"c2f8390\" data-element_type=\"container\" data-settings=\"{&quot;content_width&quot;:&quot;boxed&quot;}\" data-core-v316-plus=\"true\">\n\t\t\t\t\t<div class=\"e-con-inner\">\n\t\t\t\t\t<\/div>\n\t\t\t\t<\/div>\n\t\t\t\t\t\t\t<\/div>\n\t\t","protected":false},"excerpt":{"rendered":"<p>Dise\u00f1amos y construiimos tu hogar servicios \ud83d\udea7Elaboraci\u00f3n de planos arquitect\u00f3nicos, estructurales , instalaciones el\u00e9ctricas y sanitarias.\ud83d\udea7Dise\u00f1o de anteproyectos Una empresa 100% enfocada en la construcci\u00f3n. \ud83d\udea7Dise\u00f1o de interiores: Planos, im\u00e1genes, videos 3D, asesor\u00eda.\ud83d\udea7Proyectos 3D interiores y exteriores\ud83d\udea7Remodelaci\u00f3n, ampliaci\u00f3n y mantenimiento\ud83d\udea7Construcci\u00f3n y ejecuci\u00f3n de obras\ud83d\udea7Reforzamiento\/ Refaccionamiento y an\u00e1lisis estructural\ud83d\udea7Presupuestos y metrados. \ud83d\udea7Elaboraci\u00f3n de planos arquitect\u00f3nicos, estructurales [&hellip;]<\/p>\n","protected":false},"author":1,"featured_media":0,"parent":0,"menu_order":0,"comment_status":"closed","ping_status":"closed","template":"","meta":{"footnotes":""},"class_list":["post-8","page","type-page","status-publish","hentry"],"aioseo_notices":[],"_links":{"self":[{"href":"https:\/\/grupoarinko.pe\/index.php\/wp-json\/wp\/v2\/pages\/8","targetHints":{"allow":["GET"]}}],"collection":[{"href":"https:\/\/grupoarinko.pe\/index.php\/wp-json\/wp\/v2\/pages"}],"about":[{"href":"https:\/\/grupoarinko.pe\/index.php\/wp-json\/wp\/v2\/types\/page"}],"author":[{"embeddable":true,"href":"https:\/\/grupoarinko.pe\/index.php\/wp-json\/wp\/v2\/users\/1"}],"replies":[{"embeddable":true,"href":"https:\/\/grupoarinko.pe\/index.php\/wp-json\/wp\/v2\/comments?post=8"}],"version-history":[{"count":49,"href":"https:\/\/grupoarinko.pe\/index.php\/wp-json\/wp\/v2\/pages\/8\/revisions"}],"predecessor-version":[{"id":81,"href":"https:\/\/grupoarinko.pe\/index.php\/wp-json\/wp\/v2\/pages\/8\/revisions\/81"}],"wp:attachment":[{"href":"https:\/\/grupoarinko.pe\/index.php\/wp-json\/wp\/v2\/media?parent=8"}],"curies":[{"name":"wp","href":"https:\/\/api.w.org\/{rel}","templated":true}]}}